{"id":70,"date":"2025-04-10T01:55:02","date_gmt":"2025-04-10T04:55:02","guid":{"rendered":"https:\/\/ideiasti.com\/?page_id=70"},"modified":"2025-04-10T01:55:03","modified_gmt":"2025-04-10T04:55:03","slug":"termos-de-uso","status":"publish","type":"page","link":"https:\/\/ideiasti.com\/index.php\/termos-de-uso\/","title":{"rendered":"Termos de Uso"},"content":{"rendered":"\n<p>Ao acessar este blog, voc\u00ea concorda com os seguintes termos:<\/p>\n\n\n\n<h2 class=\"wp-block-heading\">1. Conte\u00fado<\/h2>\n\n\n\n<p>O conte\u00fado deste blog \u00e9 apenas para fins informativos. N\u00e3o garantimos exatid\u00e3o ou atualiza\u00e7\u00e3o constante.<\/p>\n\n\n\n<h2 class=\"wp-block-heading\">2. Uso Pessoal<\/h2>\n\n\n\n<p>Voc\u00ea pode ler, compartilhar e comentar os artigos, mas n\u00e3o pode copiar ou distribuir sem autoriza\u00e7\u00e3o.<\/p>\n\n\n\n<h2 class=\"wp-block-heading\">3. Coment\u00e1rios<\/h2>\n\n\n\n<p>Coment\u00e1rios ofensivos ou spam poder\u00e3o ser removidos.<\/p>\n\n\n\n<h2 class=\"wp-block-heading\">4. Mudan\u00e7as<\/h2>\n\n\n\n<p>Os termos podem ser atualizados a qualquer momento, sem aviso pr\u00e9vio.<\/p>\n","protected":false},"excerpt":{"rendered":"<p>Ao acessar este blog, voc\u00ea concorda com os seguintes termos: 1. Conte\u00fado O conte\u00fado deste blog \u00e9 apenas para fins&hellip;<\/p>\n","protected":false},"author":1,"featured_media":0,"parent":0,"menu_order":0,"comment_status":"closed","ping_status":"closed","template":"","meta":{"footnotes":""},"class_list":["post-70","page","type-page","status-publish","hentry"],"_links":{"self":[{"href":"https:\/\/ideiasti.com\/index.php\/wp-json\/wp\/v2\/pages\/70","targetHints":{"allow":["GET"]}}],"collection":[{"href":"https:\/\/ideiasti.com\/index.php\/wp-json\/wp\/v2\/pages"}],"about":[{"href":"https:\/\/ideiasti.com\/index.php\/wp-json\/wp\/v2\/types\/page"}],"author":[{"embeddable":true,"href":"https:\/\/ideiasti.com\/index.php\/wp-json\/wp\/v2\/users\/1"}],"replies":[{"embeddable":true,"href":"https:\/\/ideiasti.com\/index.php\/wp-json\/wp\/v2\/comments?post=70"}],"version-history":[{"count":1,"href":"https:\/\/ideiasti.com\/index.php\/wp-json\/wp\/v2\/pages\/70\/revisions"}],"predecessor-version":[{"id":71,"href":"https:\/\/ideiasti.com\/index.php\/wp-json\/wp\/v2\/pages\/70\/revisions\/71"}],"wp:attachment":[{"href":"https:\/\/ideiasti.com\/index.php\/wp-json\/wp\/v2\/media?parent=70"}],"curies":[{"name":"wp","href":"https:\/\/api.w.org\/{rel}","templated":true}]}}